{"id":1571,"date":"2024-01-19T21:12:02","date_gmt":"2024-01-19T20:12:02","guid":{"rendered":"https:\/\/traunstein-bicycle-club.de\/?page_id=1571"},"modified":"2024-02-11T13:39:09","modified_gmt":"2024-02-11T12:39:09","slug":"der-verein","status":"publish","type":"page","link":"https:\/\/traunstein-bicycle-club.de\/?page_id=1571","title":{"rendered":"Der Verein"},"content":{"rendered":"\n<p>Der Traunstein Bicycle Club ist ein eingetragener gemeinn\u00fctziger Verein mit folgendem Vereinszweck:<\/p>\n\n\n\n<ol>\n<li>Der Zweck des Vereins ist die F\u00f6rderung des Umwelt- und Klimaschutzes sowie die F\u00f6rderung<br>der Unfallverh\u00fctung.<\/li>\n\n\n\n<li>Der Vereinszweck wird insbesondere verwirklicht durch die Beteiligung an der Entwicklung<br>umweltfreundlicher Verkehrskonzepte, durch die Durchf\u00fchrung von Fahrradrundfahrten, durch<br>Veranstaltungen zur Erh\u00f6hung der Verkehrssicherheit &#8211; insbesondere f\u00fcr Kinder und<br>Jugendliche &#8211; sowie durch Ma\u00dfnahmen zur Erh\u00f6hung der Akzeptanz infrastruktureller<br>Ver\u00e4nderungen.<\/li>\n<\/ol>\n\n\n\n<h2 class=\"wp-block-heading\">Vorstand<\/h2>\n\n\n\n<ul>\n<li>1. Vorsitzende: Stefanie M\u00fctzel<\/li>\n\n\n\n<li>2. Vorsitzende: Ilja Frank<\/li>\n\n\n\n<li>Kassier: Florian Sellmann <\/li>\n\n\n\n<li>Kassenpr\u00fcfer: Bj\u00f6rn Seitner <\/li>\n<\/ul>\n\n\n\n<figure class=\"wp-block-image size-large is-resized\"><img loading=\"lazy\" decoding=\"async\" width=\"1024\" height=\"768\" src=\"http:\/\/traunstein-bicycle-club.de\/wp-content\/uploads\/2024\/02\/IMG_1446-1024x768.jpg\" alt=\"\" class=\"wp-image-1617\" style=\"width:516px;height:auto\" srcset=\"https:\/\/traunstein-bicycle-club.de\/wp-content\/uploads\/2024\/02\/IMG_1446-1024x768.jpg 1024w, https:\/\/traunstein-bicycle-club.de\/wp-content\/uploads\/2024\/02\/IMG_1446-300x225.jpg 300w, https:\/\/traunstein-bicycle-club.de\/wp-content\/uploads\/2024\/02\/IMG_1446-768x576.jpg 768w, https:\/\/traunstein-bicycle-club.de\/wp-content\/uploads\/2024\/02\/IMG_1446-1536x1152.jpg 1536w, https:\/\/traunstein-bicycle-club.de\/wp-content\/uploads\/2024\/02\/IMG_1446-2048x1536.jpg 2048w\" sizes=\"(max-width: 1024px) 100vw, 1024px\" \/><\/figure>\n\n\n\n<p><\/p>\n\n\n\n<h2 class=\"wp-block-heading\">Verein unterst\u00fctzen<\/h2>\n\n\n\n<p>Du findest unsere Ziele richtig und wichtig und m\u00f6chtest den Traunstein Bicycle Club mit einer Spende unterst\u00fctzen? <\/p>\n\n\n\n<p>Unsere \u00d6ffentlichkeitsarbeit kostet laufend Geld <\/p>\n\n\n\n<ul>\n<li>Verwaltungskosten: Konto, Notar, &#8230; <\/li>\n\n\n\n<li>Genehmigungen und Geb\u00fchren<\/li>\n\n\n\n<li>Plakate, Flyer<\/li>\n\n\n\n<li>Aktuell w\u00fcnschen wir uns einen Pavillon, um unsere \u00f6ffentlichen Treffen noch wirkungsvoller zu gestalten&nbsp;<\/li>\n<\/ul>\n\n\n\n<p><a href=\"https:\/\/www.paypal.com\/donate\/?hosted_button_id=FMNWVE9CQ4JCG\">Hier Spenden mit Paypal<\/a><\/p>\n\n\n\n<h2 class=\"wp-block-heading\">Mitgliedschaft<\/h2>\n\n\n\n<p>Wenn du gerne Rad f\u00e4hrst und die Ziele des TBC unterst\u00fctzt, dann werde doch Mitglied! Je mehr Mitglieder der TBC hat, desto besser kann er die Interessen der Radler:innen vertreten. Die Mitgliedschaft ist kostenlos. Um Mitglied zu werden, einfach den Antrag herunterladen, ausf\u00fcllen und per Mail an traunstein.bicycle.club@gmail.com<\/p>\n\n\n\n<p><a href=\"http:\/\/traunstein-bicycle-club.de\/wp-content\/uploads\/2022\/04\/Mitgliedsantrag-TBC.pdf\">Mitgliedsantrag Herunterladen<\/a><\/p>\n\n\n\n<p><\/p>\n","protected":false},"excerpt":{"rendered":"<p>Der Traunstein Bicycle Club ist ein eingetragener gemeinn\u00fctziger Verein mit folgendem Vereinszweck: Vorstand Verein unterst\u00fctzen Du findest unsere Ziele richtig und wichtig und m\u00f6chtest den Traunstein Bicycle Club mit einer &#8230;<\/p>\n","protected":false},"author":3,"featured_media":0,"parent":0,"menu_order":0,"comment_status":"closed","ping_status":"closed","template":"","meta":{"footnotes":""},"_links":{"self":[{"href":"https:\/\/traunstein-bicycle-club.de\/index.php?rest_route=\/wp\/v2\/pages\/1571"}],"collection":[{"href":"https:\/\/traunstein-bicycle-club.de\/index.php?rest_route=\/wp\/v2\/pages"}],"about":[{"href":"https:\/\/traunstein-bicycle-club.de\/index.php?rest_route=\/wp\/v2\/types\/page"}],"author":[{"embeddable":true,"href":"https:\/\/traunstein-bicycle-club.de\/index.php?rest_route=\/wp\/v2\/users\/3"}],"replies":[{"embeddable":true,"href":"https:\/\/traunstein-bicycle-club.de\/index.php?rest_route=%2Fwp%2Fv2%2Fcomments&post=1571"}],"version-history":[{"count":5,"href":"https:\/\/traunstein-bicycle-club.de\/index.php?rest_route=\/wp\/v2\/pages\/1571\/revisions"}],"predecessor-version":[{"id":1624,"href":"https:\/\/traunstein-bicycle-club.de\/index.php?rest_route=\/wp\/v2\/pages\/1571\/revisions\/1624"}],"wp:attachment":[{"href":"https:\/\/traunstein-bicycle-club.de\/index.php?rest_route=%2Fwp%2Fv2%2Fmedia&parent=1571"}],"curies":[{"name":"wp","href":"https:\/\/api.w.org\/{rel}","templated":true}]}}